{"id":3424,"date":"2025-05-02T22:14:45","date_gmt":"2025-05-02T20:14:45","guid":{"rendered":"https:\/\/weinbau-weingaertner.de\/start\/?post_type=product&#038;p=3424"},"modified":"2026-04-29T19:06:13","modified_gmt":"2026-04-29T17:06:13","slug":"2022er-blauer-spaetburgunder","status":"publish","type":"product","link":"https:\/\/weinbau-weingaertner.de\/start\/produkt\/2022er-blauer-spaetburgunder\/","title":{"rendered":"2022er Blauer Sp\u00e4tburgunder"},"content":{"rendered":"<p>Ein erfrischender Blanc de Noir, der mit einer fruchtigen Note von roten Beeren begeistert. Perfekt f\u00fcr leichte Sommerabende, als Aperitif oder zu leichten Vorspeisen wie frischem Salat oder Ziegenk\u00e4se.<\/p>\n<hr \/>\n<style>\n@media (max-width: 768px) {<br \/>\n  table.responsive-table, tbody, tr, td {<br \/>\n    display: block;<br \/>\n    width: 100%;<br \/>\n }<br \/>\n tr {<br \/>\n   margin-bottom: 15px;<br \/>\n }<br \/>\n td:first-child {<br \/>\n   font-weight: bold;<br \/>\n   background: none;<br \/>\n  }<br \/>\n}<br \/>\ntable.responsive-table {<br \/>\n width: 100%;<br \/>\n border-collapse: collapse;<br \/>\n}<br \/>\ntd {<br \/>\n  padding: 8px 5px;<br \/>\n  border: none;<br \/>\n}td:first-child {<br \/>\n font-weight: bold;<br \/>\n width: 40%;<br \/>\n}<br \/>\n<\/style>\n<table class=\"responsive-table\">\n<tbody>\n<tr>\n<td>BEZEICHNUNG<\/td>\n<td>2022er Blauer Sp\u00e4tburgunder | Blanc de Noir<\/td>\n<\/tr>\n<tr>\n<td>HERKUNFT<\/td>\n<td>Deutscher Pr\u00e4dikatswein Sp\u00e4tlese | Rheinhessen | vegan | enth\u00e4lt Sulfite<\/td>\n<\/tr>\n<tr>\n<td>INHALT | ALKOHOL<\/td>\n<td>0,75l | 12,4 % vol<\/td>\n<\/tr>\n<tr>\n<td>RESTZUCKER | S\u00c4URE<\/td>\n<td>12,2 g\/l | 5,8 g\/l<\/td>\n<\/tr>\n<tr>\n<td>TRINKEMPFEHLUNG<\/td>\n<td>Wunderbar zu leichten Vorspeisen wie frischem Salat oder Ziegenk\u00e4se!<\/td>\n<\/tr>\n<\/tbody>\n<\/table>\n<p>&nbsp;<\/p>\n","protected":false},"excerpt":{"rendered":"<p>Preis pro Flasche: 4,80 \u20ac<\/p>\n","protected":false},"featured_media":3427,"template":"","meta":[],"product_brand":[],"product_cat":[116],"product_tag":[],"class_list":{"0":"post-3424","1":"product","2":"type-product","3":"status-publish","4":"has-post-thumbnail","6":"product_cat-einheitliche-pakete-weissweine","8":"first","9":"outofstock","10":"taxable","11":"shipping-taxable","12":"purchasable","13":"product-type-variable"},"jetpack_sharing_enabled":true,"_links":{"self":[{"href":"https:\/\/weinbau-weingaertner.de\/start\/wp-json\/wp\/v2\/product\/3424","targetHints":{"allow":["GET"]}}],"collection":[{"href":"https:\/\/weinbau-weingaertner.de\/start\/wp-json\/wp\/v2\/product"}],"about":[{"href":"https:\/\/weinbau-weingaertner.de\/start\/wp-json\/wp\/v2\/types\/product"}],"wp:featuredmedia":[{"embeddable":true,"href":"https:\/\/weinbau-weingaertner.de\/start\/wp-json\/wp\/v2\/media\/3427"}],"wp:attachment":[{"href":"https:\/\/weinbau-weingaertner.de\/start\/wp-json\/wp\/v2\/media?parent=3424"}],"wp:term":[{"taxonomy":"product_brand","embeddable":true,"href":"https:\/\/weinbau-weingaertner.de\/start\/wp-json\/wp\/v2\/product_brand?post=3424"},{"taxonomy":"product_cat","embeddable":true,"href":"https:\/\/weinbau-weingaertner.de\/start\/wp-json\/wp\/v2\/product_cat?post=3424"},{"taxonomy":"product_tag","embeddable":true,"href":"https:\/\/weinbau-weingaertner.de\/start\/wp-json\/wp\/v2\/product_tag?post=3424"}],"curies":[{"name":"wp","href":"https:\/\/api.w.org\/{rel}","templated":true}]}}