{"id":3418,"date":"2025-05-02T21:41:10","date_gmt":"2025-05-02T19:41:10","guid":{"rendered":"https:\/\/weinbau-weingaertner.de\/start\/?post_type=product&#038;p=3418"},"modified":"2025-05-04T14:26:39","modified_gmt":"2025-05-04T12:26:39","slug":"feuerundflose","status":"publish","type":"product","link":"https:\/\/weinbau-weingaertner.de\/start\/produkt\/feuerundflose\/","title":{"rendered":"Grillgenuss &#8211; Feuer &#038; Flosse"},"content":{"rendered":"<p>Unsere Empfehlungen f\u00fcr den Fisch-Sommergrillabend!<\/p>\n<p>Genie\u00dfen Sie eine abwechslungsreiche Auswahl an Weinen, perfekt abgestimmt f\u00fcr Ihren Grillabend mit leckeren Fisch und Meeresfr\u00fcchten. Die Reihenfolge ist so gew\u00e4hlt, dass die Weine von leicht und frisch zu kr\u00e4ftig und vollmundig \u00fcbergehen &#8211; kann aber auch \u00fcbergangen werden.<\/p>\n<p>Die Holzkiste dient nur als Dekoration. Sie ist kein Bestandteil des Paketes.<\/p>\n<hr \/>\n<style>\n@media (max-width: 768px) {\n  table.responsive-table,\n  tbody,\n  tr,\n  td {\n    display: block;\n    width: 100%;\n  }\n  tr {\n    margin-bottom: 15px;\n  }\n  td:first-child {\n    font-weight: bold; \/* Nur die linke Spalte fett *\/\n    background: none;\n  }\n  td:nth-child(2) {\n    padding-left: 10px; \/* Optional auch f\u00fcr Mobile *\/\n  }\n}\ntable.responsive-table {\n  width: 100%;\n  border-collapse: collapse;\n}\ntd {\n  padding: 8px 5px;\n  border: none;\n}\ntd:first-child {\n  font-weight: bold; \/* Nur die linke Spalte fett *\/\n  width: 40%;\n}\ntd:nth-child(2) {\n  padding-left: 20px; \/* Abstand zwischen den Spalten *\/\n}\n<\/style>\n<table class=\"responsive-table\">\n<colgroup>\n<col style=\"width: 35%;\" \/>\n<col style=\"width: 65%;\" \/>\n  <\/colgroup>\n<tbody>\n<tr>\n<td>INHALT<\/td>\n<td>\n        1. Secco trocken<br \/>\n        2. 2023er Riesling trocken<br \/>\n        3. 2023er Chardonnay trocken<br \/>\n        4. 2023er Wei\u00dfer Burgunder trocken<br \/>\n        5. 2022er Blanc de Noir<br \/>\n        6. 2024er Wei\u00dfer Burgunder feinherb\n      <\/td>\n<\/tr>\n<\/tbody>\n<\/table>\n","protected":false},"excerpt":{"rendered":"<p>f\u00fcr den Fisch-Grillabend<\/p>\n","protected":false},"featured_media":3464,"template":"","meta":[],"product_brand":[],"product_cat":[138],"product_tag":[],"class_list":{"0":"post-3418","1":"product","2":"type-product","3":"status-publish","4":"has-post-thumbnail","6":"product_cat-unsere-empfehlungen","8":"first","9":"instock","10":"taxable","11":"shipping-taxable","12":"purchasable","13":"product-type-simple"},"jetpack_sharing_enabled":true,"_links":{"self":[{"href":"https:\/\/weinbau-weingaertner.de\/start\/wp-json\/wp\/v2\/product\/3418","targetHints":{"allow":["GET"]}}],"collection":[{"href":"https:\/\/weinbau-weingaertner.de\/start\/wp-json\/wp\/v2\/product"}],"about":[{"href":"https:\/\/weinbau-weingaertner.de\/start\/wp-json\/wp\/v2\/types\/product"}],"wp:featuredmedia":[{"embeddable":true,"href":"https:\/\/weinbau-weingaertner.de\/start\/wp-json\/wp\/v2\/media\/3464"}],"wp:attachment":[{"href":"https:\/\/weinbau-weingaertner.de\/start\/wp-json\/wp\/v2\/media?parent=3418"}],"wp:term":[{"taxonomy":"product_brand","embeddable":true,"href":"https:\/\/weinbau-weingaertner.de\/start\/wp-json\/wp\/v2\/product_brand?post=3418"},{"taxonomy":"product_cat","embeddable":true,"href":"https:\/\/weinbau-weingaertner.de\/start\/wp-json\/wp\/v2\/product_cat?post=3418"},{"taxonomy":"product_tag","embeddable":true,"href":"https:\/\/weinbau-weingaertner.de\/start\/wp-json\/wp\/v2\/product_tag?post=3418"}],"curies":[{"name":"wp","href":"https:\/\/api.w.org\/{rel}","templated":true}]}}