{"id":3415,"date":"2025-05-02T21:41:03","date_gmt":"2025-05-02T19:41:03","guid":{"rendered":"https:\/\/weinbau-weingaertner.de\/start\/?post_type=product&#038;p=3415"},"modified":"2026-04-29T16:49:57","modified_gmt":"2026-04-29T14:49:57","slug":"glutundgenuss","status":"publish","type":"product","link":"https:\/\/weinbau-weingaertner.de\/start\/produkt\/glutundgenuss\/","title":{"rendered":"Grillgenuss &#8211; Glut &#038; Genuss"},"content":{"rendered":"<p>Unsere Empfehlungen f\u00fcr den Fleisch &amp; Fisch-Sommergrillabend!<\/p>\n<p>Diese ausgewogene Auswahl kombiniert kr\u00e4ftige Weine f\u00fcr Fleisch und frische, elegante Weine f\u00fcr<br \/>\nFisch. So genie\u00dfen alle G\u00e4ste die passende Begleitung zu ihrem Grillgericht. Die Reihenfolge ist so gew\u00e4hlt, dass die Weine von leicht und frisch zu kr\u00e4ftig und vollmundig \u00fcbergehen &#8211; kann aber auch \u00fcbergangen werden.<\/p>\n<p>Die Holzkiste dient nur als Dekoration. Sie ist kein Bestandteil des Paketes.<\/p>\n<hr \/>\n<style>\n@media (max-width: 768px) {<br \/>  table.responsive-table, tbody, tr, td {<br \/>    display: block;<br \/>    width: 100%;<br \/>  }<br \/>  tr {<br \/>    margin-bottom: 15px;<br \/>  }<br \/>  td:first-child {<br \/>    font-weight: bold;<br \/>    background: none;<br \/>    padding-right: 0;<br \/>  }<br \/>}<br \/>table.responsive-table {<br \/>  width: 100%;<br \/>  border-collapse: collapse;<br \/>}<br \/>td {<br \/>  padding: 8px 5px;<br \/>  border: none;<br \/>}<br \/>td:first-child {<br \/>  font-weight: bold;<br \/>  width: 40%;<br \/>  padding-right: 20px; \/* Abstand zwischen Spalten *\/<br \/>}<br \/><\/style>\n<table class=\"responsive-table\">\n<tbody>\n<tr>\n<td>INHALT<\/td>\n<td>1. Secco trocken<br \/>\n2. 2024er Riesling trocken<br \/>\n3. 2024er Grauer Burgunder trocken<br \/>\n4. 2024er Chardonnay<br \/>\n5. 2020er Dornfelder Barrique trocken<br \/>\n6. 2019er Sp\u00e4tburgunder Barrique trocken<\/td>\n<\/tr>\n<\/tbody>\n<\/table>\n","protected":false},"excerpt":{"rendered":"<p>f\u00fcr den Fisch &amp; Fleisch-Grillabend<\/p>\n","protected":false},"featured_media":3466,"template":"","meta":[],"product_brand":[],"product_cat":[138],"product_tag":[],"class_list":{"0":"post-3415","1":"product","2":"type-product","3":"status-publish","4":"has-post-thumbnail","6":"product_cat-unsere-empfehlungen","8":"first","9":"instock","10":"taxable","11":"shipping-taxable","12":"purchasable","13":"product-type-simple"},"jetpack_sharing_enabled":true,"_links":{"self":[{"href":"https:\/\/weinbau-weingaertner.de\/start\/wp-json\/wp\/v2\/product\/3415","targetHints":{"allow":["GET"]}}],"collection":[{"href":"https:\/\/weinbau-weingaertner.de\/start\/wp-json\/wp\/v2\/product"}],"about":[{"href":"https:\/\/weinbau-weingaertner.de\/start\/wp-json\/wp\/v2\/types\/product"}],"wp:featuredmedia":[{"embeddable":true,"href":"https:\/\/weinbau-weingaertner.de\/start\/wp-json\/wp\/v2\/media\/3466"}],"wp:attachment":[{"href":"https:\/\/weinbau-weingaertner.de\/start\/wp-json\/wp\/v2\/media?parent=3415"}],"wp:term":[{"taxonomy":"product_brand","embeddable":true,"href":"https:\/\/weinbau-weingaertner.de\/start\/wp-json\/wp\/v2\/product_brand?post=3415"},{"taxonomy":"product_cat","embeddable":true,"href":"https:\/\/weinbau-weingaertner.de\/start\/wp-json\/wp\/v2\/product_cat?post=3415"},{"taxonomy":"product_tag","embeddable":true,"href":"https:\/\/weinbau-weingaertner.de\/start\/wp-json\/wp\/v2\/product_tag?post=3415"}],"curies":[{"name":"wp","href":"https:\/\/api.w.org\/{rel}","templated":true}]}}