{"id":3411,"date":"2025-05-02T21:34:30","date_gmt":"2025-05-02T19:34:30","guid":{"rendered":"https:\/\/weinbau-weingaertner.de\/start\/?post_type=product&#038;p=3411"},"modified":"2026-04-29T19:00:11","modified_gmt":"2026-04-29T17:00:11","slug":"rotundrausch","status":"publish","type":"product","link":"https:\/\/weinbau-weingaertner.de\/start\/produkt\/rotundrausch\/","title":{"rendered":"Grillgenuss &#8211; Rot &#038; Rausch"},"content":{"rendered":"<p>Unsere Empfehlungen f\u00fcr den Fleisch-Sommergrillabend!<\/p>\n<p>Genie\u00dfen Sie eine abwechslungsreiche Auswahl an Weinen, perfekt abgestimmt f\u00fcr Ihren Grillabend mit leckeren Steaks und W\u00fcrsten. Die Reihenfolge ist so gew\u00e4hlt, dass die Weine von leicht und frisch zu kr\u00e4ftig und vollmundig \u00fcbergehen &#8211; kann aber auch \u00fcbergangen werden.<\/p>\n<p>Die Holzkiste dient nur als Dekoration. Sie ist kein Bestandteil des Paketes.<\/p>\n<hr \/>\n<style>\n@media (max-width: 768px) {<br \/>  table.responsive-table, tbody, tr, td {<br \/>    display: block;<br \/>    width: 100%;<br \/>  }<br \/>  tr {<br \/>    margin-bottom: 15px;<br \/>  }<br \/>  td:first-child {<br \/>    font-weight: bold; \/* Nur die linke Spalte fett *\/<br \/>    background: none;<br \/>  }<br \/>}<br \/>table.responsive-table {<br \/>  width: 100%;<br \/>  border-collapse: collapse;<br \/>}<br \/>td {<br \/>  padding: 8px 5px;<br \/>  border: none;<br \/>}<br \/>td:first-child {<br \/>  font-weight: bold; \/* Nur die linke Spalte fett *\/<br \/>  width: 40%;<br \/>}<br \/><\/style>\n<table class=\"responsive-table\">\n<tbody>\n<tr>\n<td>INHALT<\/td>\n<td>1. Ros\u00e9 Secco trocken<br \/>\n2. 2024er Chardonnay trocken<br \/>\n3. 2024er Grauer Burgunder trocken<br \/>\n4. 2025er Ros\u00e9<br \/>\n5. 2020er Dornfelder Barrique trocken<br \/>\n6. 2019er Sp\u00e4tburgunder Barrique trocken<\/td>\n<\/tr>\n<\/tbody>\n<\/table>\n","protected":false},"excerpt":{"rendered":"<p>f\u00fcr den Fleisch-Grillabend<\/p>\n","protected":false},"featured_media":3465,"template":"","meta":[],"product_brand":[],"product_cat":[138],"product_tag":[],"class_list":{"0":"post-3411","1":"product","2":"type-product","3":"status-publish","4":"has-post-thumbnail","6":"product_cat-unsere-empfehlungen","8":"first","9":"instock","10":"taxable","11":"shipping-taxable","12":"purchasable","13":"product-type-simple"},"jetpack_sharing_enabled":true,"_links":{"self":[{"href":"https:\/\/weinbau-weingaertner.de\/start\/wp-json\/wp\/v2\/product\/3411","targetHints":{"allow":["GET"]}}],"collection":[{"href":"https:\/\/weinbau-weingaertner.de\/start\/wp-json\/wp\/v2\/product"}],"about":[{"href":"https:\/\/weinbau-weingaertner.de\/start\/wp-json\/wp\/v2\/types\/product"}],"wp:featuredmedia":[{"embeddable":true,"href":"https:\/\/weinbau-weingaertner.de\/start\/wp-json\/wp\/v2\/media\/3465"}],"wp:attachment":[{"href":"https:\/\/weinbau-weingaertner.de\/start\/wp-json\/wp\/v2\/media?parent=3411"}],"wp:term":[{"taxonomy":"product_brand","embeddable":true,"href":"https:\/\/weinbau-weingaertner.de\/start\/wp-json\/wp\/v2\/product_brand?post=3411"},{"taxonomy":"product_cat","embeddable":true,"href":"https:\/\/weinbau-weingaertner.de\/start\/wp-json\/wp\/v2\/product_cat?post=3411"},{"taxonomy":"product_tag","embeddable":true,"href":"https:\/\/weinbau-weingaertner.de\/start\/wp-json\/wp\/v2\/product_tag?post=3411"}],"curies":[{"name":"wp","href":"https:\/\/api.w.org\/{rel}","templated":true}]}}