{"id":3030,"date":"2025-04-20T00:14:57","date_gmt":"2025-04-19T22:14:57","guid":{"rendered":"https:\/\/weinbau-weingaertner.de\/start\/?post_type=product&#038;p=3030"},"modified":"2026-05-07T12:20:50","modified_gmt":"2026-05-07T10:20:50","slug":"2024er-rotwein-lieblich","status":"publish","type":"product","link":"https:\/\/weinbau-weingaertner.de\/start\/produkt\/2024er-rotwein-lieblich\/","title":{"rendered":"2024er Rotwein lieblich"},"content":{"rendered":"<p>S\u00fcffiger, leichter Rotwein mit reifen Kirschen &#8211; ein Genuss f\u00fcr besondere Momente. Passt zu Pizza, Pasta und sogar Schokolade oder als Abschluss eines Men\u00fcs.<\/p>\n<hr \/>\n<style>\n@media (max-width: 768px) {<br \/>  table.responsive-table, tbody, tr, td {<br \/>    display: block;<br \/>    width: 100%;<br \/> }<br \/> tr {<br \/>   margin-bottom: 15px;<br \/> }<br \/> td:first-child {<br \/>   font-weight: bold;<br \/>   background: none;<br \/>  }<br \/>}<br \/>table.responsive-table {<br \/> width: 100%;<br \/> border-collapse: collapse;<br \/>}<br \/>td {<br \/>  padding: 8px 5px;<br \/>  border: none;<br \/>}td:first-child {<br \/> font-weight: bold;<br \/> width: 40%;<br \/>}<br \/><\/style>\n<table class=\"responsive-table\">\n<tbody>\n<tr>\n<td>BEZEICHNUNG<\/td>\n<td>2024er Rotwein lieblich<\/td>\n<\/tr>\n<tr>\n<td>HERKUNFT<\/td>\n<td>Deutscher Qualit\u00e4tswein | Rheinhessen | enth\u00e4lt Sulfite<\/td>\n<\/tr>\n<tr>\n<td>INHALT | ALKOHOL<\/td>\n<td>0,75l | 10,6 % vol<\/td>\n<\/tr>\n<tr>\n<td>RESTZUCKER | S\u00c4URE<\/td>\n<td>37,0 g\/l | 5,3 g\/l<\/td>\n<\/tr>\n<tr>\n<td>TRINKEMPFEHLUNG<\/td>\n<td>Passt zu Pizza, Pasta und sogar zu Schokolade!<\/td>\n<\/tr>\n<\/tbody>\n<\/table>\n<p>&nbsp;<\/p>\n","protected":false},"excerpt":{"rendered":"<p>Preis pro Flasche: 4,80\u20ac<\/p>\n","protected":false},"featured_media":3613,"template":"","meta":[],"product_brand":[139],"product_cat":[141],"product_tag":[],"class_list":{"0":"post-3030","1":"product","2":"type-product","3":"status-publish","4":"has-post-thumbnail","6":"product_brand-www","7":"product_cat-einheitliche-pakete-weissherbstundrotwein","9":"first","10":"instock","11":"taxable","12":"shipping-taxable","13":"purchasable","14":"product-type-variable"},"jetpack_sharing_enabled":true,"_links":{"self":[{"href":"https:\/\/weinbau-weingaertner.de\/start\/wp-json\/wp\/v2\/product\/3030","targetHints":{"allow":["GET"]}}],"collection":[{"href":"https:\/\/weinbau-weingaertner.de\/start\/wp-json\/wp\/v2\/product"}],"about":[{"href":"https:\/\/weinbau-weingaertner.de\/start\/wp-json\/wp\/v2\/types\/product"}],"wp:featuredmedia":[{"embeddable":true,"href":"https:\/\/weinbau-weingaertner.de\/start\/wp-json\/wp\/v2\/media\/3613"}],"wp:attachment":[{"href":"https:\/\/weinbau-weingaertner.de\/start\/wp-json\/wp\/v2\/media?parent=3030"}],"wp:term":[{"taxonomy":"product_brand","embeddable":true,"href":"https:\/\/weinbau-weingaertner.de\/start\/wp-json\/wp\/v2\/product_brand?post=3030"},{"taxonomy":"product_cat","embeddable":true,"href":"https:\/\/weinbau-weingaertner.de\/start\/wp-json\/wp\/v2\/product_cat?post=3030"},{"taxonomy":"product_tag","embeddable":true,"href":"https:\/\/weinbau-weingaertner.de\/start\/wp-json\/wp\/v2\/product_tag?post=3030"}],"curies":[{"name":"wp","href":"https:\/\/api.w.org\/{rel}","templated":true}]}}