{"id":3024,"date":"2025-04-20T00:14:50","date_gmt":"2025-04-19T22:14:50","guid":{"rendered":"https:\/\/weinbau-weingaertner.de\/start\/?post_type=product&#038;p=3024"},"modified":"2026-05-06T11:58:16","modified_gmt":"2026-05-06T09:58:16","slug":"2023er-spaetburgunder-rotwein","status":"publish","type":"product","link":"https:\/\/weinbau-weingaertner.de\/start\/produkt\/2023er-spaetburgunder-rotwein\/","title":{"rendered":"2023er Sp\u00e4tburgunder Rotwein"},"content":{"rendered":"<p>Dieser Wein \u00fcberzeugt mit dezenten Kirscharomen, feinen S\u00e4ure und einer Leichtigkeit. Er f\u00fcgt sich perfekt zu Lammgerichten, Pasta und Pizza ein.<\/p>\n<hr \/>\n<style>\n@media (max-width: 768px) {<br \/>\n  table.responsive-table, tbody, tr, td {<br \/>\n    display: block;<br \/>\n    width: 100%;<br \/>\n }<br \/>\n tr {<br \/>\n   margin-bottom: 15px;<br \/>\n }<br \/>\n td:first-child {<br \/>\n   font-weight: bold;<br \/>\n   background: none;<br \/>\n  }<br \/>\n}<br \/>\ntable.responsive-table {<br \/>\n width: 100%;<br \/>\n border-collapse: collapse;<br \/>\n}<br \/>\ntd {<br \/>\n  padding: 8px 5px;<br \/>\n  border: none;<br \/>\n}td:first-child {<br \/>\n font-weight: bold;<br \/>\n width: 40%;<br \/>\n}<br \/>\n<\/style>\n<table class=\"responsive-table\">\n<tbody>\n<tr>\n<td>BEZEICHNUNG<\/td>\n<td>2023er Sp\u00e4tburgunder Rotwein<\/td>\n<\/tr>\n<tr>\n<td>HERKUNFT<\/td>\n<td>Deutscher Qualit\u00e4tswein | Rheinhessen | enth\u00e4lt Sulfite<\/td>\n<\/tr>\n<tr>\n<td>INHALT | ALKOHOL<\/td>\n<td>0,75l | 12,3 % vol<\/td>\n<\/tr>\n<tr>\n<td>RESTZUCKR | S\u00c4URE<\/td>\n<td>6,7 g\/l | 5,8 g\/l<\/td>\n<\/tr>\n<tr>\n<td>TRINKEMPFEHLUNG<\/td>\n<td>Am Besten zu Lammgerichten, Pasta und Pizza!<\/td>\n<\/tr>\n<\/tbody>\n<\/table>\n<p>&nbsp;<\/p>\n","protected":false},"excerpt":{"rendered":"<p>Preis pro Flasche: 5,00 \u20ac<\/p>\n","protected":false},"featured_media":3595,"template":"","meta":[],"product_brand":[139],"product_cat":[141],"product_tag":[],"class_list":{"0":"post-3024","1":"product","2":"type-product","3":"status-publish","4":"has-post-thumbnail","6":"product_brand-www","7":"product_cat-einheitliche-pakete-weissherbstundrotwein","9":"first","10":"instock","11":"taxable","12":"shipping-taxable","13":"purchasable","14":"product-type-variable"},"jetpack_sharing_enabled":true,"_links":{"self":[{"href":"https:\/\/weinbau-weingaertner.de\/start\/wp-json\/wp\/v2\/product\/3024","targetHints":{"allow":["GET"]}}],"collection":[{"href":"https:\/\/weinbau-weingaertner.de\/start\/wp-json\/wp\/v2\/product"}],"about":[{"href":"https:\/\/weinbau-weingaertner.de\/start\/wp-json\/wp\/v2\/types\/product"}],"wp:featuredmedia":[{"embeddable":true,"href":"https:\/\/weinbau-weingaertner.de\/start\/wp-json\/wp\/v2\/media\/3595"}],"wp:attachment":[{"href":"https:\/\/weinbau-weingaertner.de\/start\/wp-json\/wp\/v2\/media?parent=3024"}],"wp:term":[{"taxonomy":"product_brand","embeddable":true,"href":"https:\/\/weinbau-weingaertner.de\/start\/wp-json\/wp\/v2\/product_brand?post=3024"},{"taxonomy":"product_cat","embeddable":true,"href":"https:\/\/weinbau-weingaertner.de\/start\/wp-json\/wp\/v2\/product_cat?post=3024"},{"taxonomy":"product_tag","embeddable":true,"href":"https:\/\/weinbau-weingaertner.de\/start\/wp-json\/wp\/v2\/product_tag?post=3024"}],"curies":[{"name":"wp","href":"https:\/\/api.w.org\/{rel}","templated":true}]}}