{"id":3018,"date":"2025-04-20T00:11:29","date_gmt":"2025-04-19T22:11:29","guid":{"rendered":"https:\/\/weinbau-weingaertner.de\/start\/?post_type=product&#038;p=3018"},"modified":"2025-05-02T20:46:17","modified_gmt":"2025-05-02T18:46:17","slug":"2020er-silvaner-eiswein","status":"publish","type":"product","link":"https:\/\/weinbau-weingaertner.de\/start\/produkt\/2020er-silvaner-eiswein\/","title":{"rendered":"2020er Silvaner Eiswein"},"content":{"rendered":"<p>Dieser edle Dessertwein verf\u00fchrt mit intensiver S\u00fc\u00dfe, Honignoten und Aromen exotischer Fr\u00fcchte. Perfekt zu einer Mousse au Chocolat oder Ziegenk\u00e4se \u2013 ein wahres Geschmackserlebnis f\u00fcr den perfekten Abschluss eines Men\u00fcs.<\/p>\n<hr \/>\n<style>\n@media (max-width: 768px) {\n  table.responsive-table, tbody, tr, td {\n    display: block;\n    width: 100%;\n }\n tr {\n   margin-bottom: 15px;\n }\n td:first-child {\n   font-weight: bold;\n   background: none;\n  }\n}\ntable.responsive-table {\n width: 100%;\n border-collapse: collapse;\n}\ntd {\n  padding: 8px 5px;\n  border: none;\n}td:first-child {\n font-weight: bold;\n width: 40%;\n}\n<\/style>\n<table class=\"responsive-table\">\n<tbody>\n<tr>\n<td>BEZEICHNUNG<\/td>\n<td>2020er Silvaner Eiswein<\/td>\n<\/tr>\n<tr>\n<td>HERKUNFT<\/td>\n<td>Deutscher Pr\u00e4dikatswein | Rheinhessen | enth\u00e4lt Sulfite<\/td>\n<\/tr>\n<tr>\n<td>INHALT | ALKOHOL<\/td>\n<td>0,375l | 9,3 % vol<\/td>\n<\/tr>\n<tr>\n<td>RESTZUCKER | S\u00c4URE<\/td>\n<td>155,4 g\/l | 6,6 g\/l<\/td>\n<\/tr>\n<tr>\n<td>TRINKEMPFEHLUNG<\/td>\n<td>Perfekt zu einer Mousse au Chocolat oder Ziegenk\u00e4se!<\/td>\n<\/tr>\n<tr>\n<td>Besonderheit<\/td>\n<td>Goldene Kammerpreism\u00fcnze<\/td>\n<\/tr>\n<\/tbody>\n<\/table>\n<p>&nbsp;<\/p>\n","protected":false},"excerpt":{"rendered":"<p>Preis pro Flasche: 16,00 \u20ac<\/p>\n","protected":false},"featured_media":3135,"template":"","meta":[],"product_brand":[],"product_cat":[116],"product_tag":[],"class_list":{"0":"post-3018","1":"product","2":"type-product","3":"status-publish","4":"has-post-thumbnail","6":"product_cat-einheitliche-pakete-weissweine","8":"first","9":"instock","10":"taxable","11":"shipping-taxable","12":"purchasable","13":"product-type-variable"},"jetpack_sharing_enabled":true,"_links":{"self":[{"href":"https:\/\/weinbau-weingaertner.de\/start\/wp-json\/wp\/v2\/product\/3018","targetHints":{"allow":["GET"]}}],"collection":[{"href":"https:\/\/weinbau-weingaertner.de\/start\/wp-json\/wp\/v2\/product"}],"about":[{"href":"https:\/\/weinbau-weingaertner.de\/start\/wp-json\/wp\/v2\/types\/product"}],"wp:featuredmedia":[{"embeddable":true,"href":"https:\/\/weinbau-weingaertner.de\/start\/wp-json\/wp\/v2\/media\/3135"}],"wp:attachment":[{"href":"https:\/\/weinbau-weingaertner.de\/start\/wp-json\/wp\/v2\/media?parent=3018"}],"wp:term":[{"taxonomy":"product_brand","embeddable":true,"href":"https:\/\/weinbau-weingaertner.de\/start\/wp-json\/wp\/v2\/product_brand?post=3018"},{"taxonomy":"product_cat","embeddable":true,"href":"https:\/\/weinbau-weingaertner.de\/start\/wp-json\/wp\/v2\/product_cat?post=3018"},{"taxonomy":"product_tag","embeddable":true,"href":"https:\/\/weinbau-weingaertner.de\/start\/wp-json\/wp\/v2\/product_tag?post=3018"}],"curies":[{"name":"wp","href":"https:\/\/api.w.org\/{rel}","templated":true}]}}