{"id":3015,"date":"2025-04-20T00:10:47","date_gmt":"2025-04-19T22:10:47","guid":{"rendered":"https:\/\/weinbau-weingaertner.de\/start\/?post_type=product&#038;p=3015"},"modified":"2026-05-07T11:36:46","modified_gmt":"2026-05-07T09:36:46","slug":"2024er-schoenburger-lieblich","status":"publish","type":"product","link":"https:\/\/weinbau-weingaertner.de\/start\/produkt\/2024er-schoenburger-lieblich\/","title":{"rendered":"2024er Sch\u00f6nburger s\u00fcss"},"content":{"rendered":"<p>Exotische Fruchtaromen und eine w\u00fcrzige S\u00fc\u00dfe machen diesen Sch\u00f6nburger zu einem Erlebnis. Perfekt zu K\u00e4seplatten oder s\u00fc\u00dfen Desserts.<\/p>\n<hr \/>\n<style>\n@media (max-width: 768px) {<br \/>  table.responsive-table, tbody, tr, td {<br \/>    display: block;<br \/>    width: 100%;<br \/> }<br \/> tr {<br \/>   margin-bottom: 15px;<br \/> }<br \/> td:first-child {<br \/>   font-weight: bold;<br \/>   background: none;<br \/>  }<br \/>}<br \/>table.responsive-table {<br \/> width: 100%;<br \/> border-collapse: collapse;<br \/>}<br \/>td {<br \/>  padding: 8px 5px;<br \/>  border: none;<br \/>}td:first-child {<br \/> font-weight: bold;<br \/> width: 40%;<br \/>}<br \/><\/style>\n<table class=\"responsive-table\">\n<tbody>\n<tr>\n<td>BEZEICHNUNG<\/td>\n<td>2024er Sch\u00f6nburger s\u00fcss<\/td>\n<\/tr>\n<tr>\n<td>HERKUNFT<\/td>\n<td>Deutscher Pr\u00e4dikatswein Sp\u00e4tlese | Rheinhessen | vegan | enth\u00e4lt Sulfite<\/td>\n<\/tr>\n<tr>\n<td>INHALT | ALKOHOL<\/td>\n<td>0,75l | 9,6 % vol<\/td>\n<\/tr>\n<tr>\n<td>RESTZUCKER | S\u00c4URE<\/td>\n<td>46,1 g\/l | 6,3 g\/l<\/td>\n<\/tr>\n<tr>\n<td>TRINKEMPFEHLUNG<\/td>\n<td>Hervorragend zu K\u00e4seplatten oder s\u00fc\u00dfen Desserts!<\/td>\n<\/tr>\n<\/tbody>\n<\/table>\n<p>&nbsp;<\/p>\n","protected":false},"excerpt":{"rendered":"<p>Preis pro Flasche: 4,80 \u20ac<\/p>\n","protected":false},"featured_media":3607,"template":"","meta":[],"product_brand":[],"product_cat":[116],"product_tag":[],"class_list":{"0":"post-3015","1":"product","2":"type-product","3":"status-publish","4":"has-post-thumbnail","6":"product_cat-einheitliche-pakete-weissweine","8":"first","9":"instock","10":"taxable","11":"shipping-taxable","12":"purchasable","13":"product-type-variable"},"jetpack_sharing_enabled":true,"_links":{"self":[{"href":"https:\/\/weinbau-weingaertner.de\/start\/wp-json\/wp\/v2\/product\/3015","targetHints":{"allow":["GET"]}}],"collection":[{"href":"https:\/\/weinbau-weingaertner.de\/start\/wp-json\/wp\/v2\/product"}],"about":[{"href":"https:\/\/weinbau-weingaertner.de\/start\/wp-json\/wp\/v2\/types\/product"}],"wp:featuredmedia":[{"embeddable":true,"href":"https:\/\/weinbau-weingaertner.de\/start\/wp-json\/wp\/v2\/media\/3607"}],"wp:attachment":[{"href":"https:\/\/weinbau-weingaertner.de\/start\/wp-json\/wp\/v2\/media?parent=3015"}],"wp:term":[{"taxonomy":"product_brand","embeddable":true,"href":"https:\/\/weinbau-weingaertner.de\/start\/wp-json\/wp\/v2\/product_brand?post=3015"},{"taxonomy":"product_cat","embeddable":true,"href":"https:\/\/weinbau-weingaertner.de\/start\/wp-json\/wp\/v2\/product_cat?post=3015"},{"taxonomy":"product_tag","embeddable":true,"href":"https:\/\/weinbau-weingaertner.de\/start\/wp-json\/wp\/v2\/product_tag?post=3015"}],"curies":[{"name":"wp","href":"https:\/\/api.w.org\/{rel}","templated":true}]}}