{"id":2672,"date":"2025-01-12T18:05:56","date_gmt":"2025-01-12T17:05:56","guid":{"rendered":"https:\/\/weinbau-weingaertner.de\/start\/?post_type=product&#038;p=2672"},"modified":"2026-05-05T17:16:20","modified_gmt":"2026-05-05T15:16:20","slug":"weisswein-cuvee-trocken","status":"publish","type":"product","link":"https:\/\/weinbau-weingaertner.de\/start\/produkt\/weisswein-cuvee-trocken\/","title":{"rendered":"2024er Wei\u00dfwein Cuv\u00e9e trocken"},"content":{"rendered":"<p>Eine lebendige Cuv\u00e9e aus Silvaner, Wei\u00dfburgunder und Riesling &#8211; fruchtig mit tollem Aroma und<br \/>\nfeiner S\u00e4ure. Passt hervorragend zu Wildgerichten und kr\u00e4ftigem K\u00e4se.<\/p>\n<hr \/>\n<style>\n@media (max-width: 768px) {<br \/>  table.responsive-table, tbody, tr, td {<br \/>    display: block;<br \/>    width: 100%;<br \/> }<br \/> tr {<br \/>   margin-bottom: 15px;<br \/> }<br \/> td:first-child {<br \/>   font-weight: bold;<br \/>   background: none;<br \/>  }<br \/>}<br \/>table.responsive-table {<br \/> width: 100%;<br \/> border-collapse: collapse;<br \/>}<br \/>td {<br \/>  padding: 8px 5px;<br \/>  border: none;<br \/>}td:first-child {<br \/> font-weight: bold;<br \/> width: 40%;<br \/>}<br \/><\/style>\n<table class=\"responsive-table\">\n<tbody>\n<tr>\n<td>BEZEICHNUNG<\/td>\n<td>2024er Wei\u00dfwein Cuv\u00e9e trocken<\/td>\n<\/tr>\n<tr>\n<td>HERKUNFT<\/td>\n<td>Deutscher Pr\u00e4dikatswein Sp\u00e4tlese | Rheinhessen | vegan | enth\u00e4lt Sulfite<\/td>\n<\/tr>\n<tr>\n<td>INHALT | ALKOHOL<\/td>\n<td>1,0l | 12,6 % vol<\/td>\n<\/tr>\n<tr>\n<td>RESTZUCKER | S\u00c4URE<\/td>\n<td>8,3 g\/l | 6,5 g\/l<\/td>\n<\/tr>\n<tr>\n<td>TRINKEMPFEHLUNG<\/td>\n<td>Hervorragend zu Wildgerichten und kr\u00e4ftigem K\u00e4se!<\/td>\n<\/tr>\n<\/tbody>\n<\/table>\n<p>&nbsp;<\/p>\n","protected":false},"excerpt":{"rendered":"<p>Preis pro Flasche: 4,80 \u20ac<\/p>\n","protected":false},"featured_media":3587,"template":"","meta":[],"product_brand":[139],"product_cat":[116],"product_tag":[],"class_list":{"0":"post-2672","1":"product","2":"type-product","3":"status-publish","4":"has-post-thumbnail","6":"product_brand-www","7":"product_cat-einheitliche-pakete-weissweine","9":"first","10":"instock","11":"taxable","12":"shipping-taxable","13":"purchasable","14":"product-type-variable"},"jetpack_sharing_enabled":true,"_links":{"self":[{"href":"https:\/\/weinbau-weingaertner.de\/start\/wp-json\/wp\/v2\/product\/2672","targetHints":{"allow":["GET"]}}],"collection":[{"href":"https:\/\/weinbau-weingaertner.de\/start\/wp-json\/wp\/v2\/product"}],"about":[{"href":"https:\/\/weinbau-weingaertner.de\/start\/wp-json\/wp\/v2\/types\/product"}],"wp:featuredmedia":[{"embeddable":true,"href":"https:\/\/weinbau-weingaertner.de\/start\/wp-json\/wp\/v2\/media\/3587"}],"wp:attachment":[{"href":"https:\/\/weinbau-weingaertner.de\/start\/wp-json\/wp\/v2\/media?parent=2672"}],"wp:term":[{"taxonomy":"product_brand","embeddable":true,"href":"https:\/\/weinbau-weingaertner.de\/start\/wp-json\/wp\/v2\/product_brand?post=2672"},{"taxonomy":"product_cat","embeddable":true,"href":"https:\/\/weinbau-weingaertner.de\/start\/wp-json\/wp\/v2\/product_cat?post=2672"},{"taxonomy":"product_tag","embeddable":true,"href":"https:\/\/weinbau-weingaertner.de\/start\/wp-json\/wp\/v2\/product_tag?post=2672"}],"curies":[{"name":"wp","href":"https:\/\/api.w.org\/{rel}","templated":true}]}}