{"id":593,"date":"2015-09-08T10:52:31","date_gmt":"2015-09-08T10:52:31","guid":{"rendered":"http:\/\/www.zimmermann-wein.eu\/?page_id=593"},"modified":"2025-04-22T10:55:28","modified_gmt":"2025-04-22T08:55:28","slug":"die-region","status":"publish","type":"page","link":"https:\/\/weinbau-weingaertner.de\/start\/die-region\/","title":{"rendered":"Unsere Weine"},"content":{"rendered":"<p>[vc_row][vc_column][vc_empty_space][\/vc_column][\/vc_row][vc_row][vc_column width=&#8220;1\/3&#8243;][vc_column_text]<\/p>\n<h3 style=\"padding-top: 20px; font-family: 'Satisfy', cursive; color: #988251 !important;\">Unsere Weine<\/h3>\n<p style=\"text-align: justify;\">In unserer Vinothek lernen Sie Weine besonderer Art kennen.<\/p>\n<p style=\"text-align: justify;\">Unser Bestreben ist es m\u00f6glichst vollreife Trauben zu ernten. Durch l\u00e4ngeres H\u00e4ngenlassen am Rebstock nehmen wir gerne einen Mengenverlust in Kauf. So erreichen wir ein h\u00f6heres Mostgewicht. Dies macht sich deutlich in der Qualit\u00e4t unserer Weine bemerkbar. Dadurch erreicht man sanfte und elegante Weine mit nachhaltigen Geschm\u00e4ckern und feinem, dezentem Bukett.<\/p>\n<p>&nbsp;<\/p>\n<h3 style=\"padding-top: 20px; font-family: 'Satisfy', cursive; color: #988251 !important;\">Unsere Trauben<\/h3>\n<p style=\"text-align: justify;\">Die Sortenpalette umfasst traditionelle Rebsorten wie Riesling, Silvaner,\u00a0 Sch\u00f6nburger, Weisser Burgunder, Grauer Burgunder und aktuelle Rotweinsorten wie Dornfelder, Regent, Sp\u00e4tburgunder und Portugieser.<\/p>\n<h3 style=\"padding-top: 20px; font-family: 'Satisfy', cursive; color: #988251 !important;\">Die Reifung<\/h3>\n<p style=\"text-align: justify;\">Unsere Rotweine reifen alle im Eichenholzfass und werden bei uns abgef\u00fcllt. &#8218;Dies bedarf sehr viel Liebe und Aufwand&#8216;. Seit einiger Zeit bauen wir auch\u00a0 Dornfelder, Regent und Sp\u00e4tburgunder im 225-Liter Barrique-Fass aus. Unsere Rotweine werden traditionell auf der Maische vergoren, d.h. sie erhalten ihre intensive Farbe auf nat\u00fcrlichem Weg.<\/p>\n<p>[\/vc_column_text][\/vc_column][vc_column width=&#8220;1\/3&#8243;][vc_single_image image=&#8220;2172&#8243; img_size=&#8220;full&#8220; style=&#8220;vc_box_border&#8220; css=&#8220;.vc_custom_1550658864827{padding-top: 25px !important;}&#8220;][vc_single_image image=&#8220;2368&#8243; img_size=&#8220;full&#8220; style=&#8220;vc_box_border&#8220; css=&#8220;.vc_custom_1556903940713{padding-top: 25px !important;}&#8220;][\/vc_column][vc_column width=&#8220;1\/3&#8243;][vc_column_text]<\/p>\n<h3 style=\"padding-top: 20px; font-family: 'Satisfy', cursive; color: #988251 !important;\">Der Grundgedanke<\/h3>\n<p style=\"text-align: justify;\">Unsere Philosophie ist es, frische, sortentypische Weine auszubauen und auf Qualit\u00e4t statt \u00a0Quantit\u00e4t zu setzten.<\/p>\n<p style=\"text-align: justify;\">Das beginnt nicht erst beim schonenden Ausbau der Weine im Keller,\u00a0sondern schon beim geringen Anschnitt der Reben, nat\u00fcrlichen Begr\u00fcnung, schonenden Bodenbearbeitung\u00a0und dem Ausd\u00fcnnen von Trauben.\u00a0Enge Kundenbindung und\u00a0individuelle\u00a0Betreuung, pers\u00f6nlicher\u00a0und famili\u00e4rer Kontakt werden bei uns\u00a0gro\u00dfgeschrieben.<\/p>\n<h3 style=\"padding-top: 20px; font-family: 'Satisfy', cursive; color: #988251 !important;\">Das Angebot<\/h3>\n<p style=\"text-align: justify;\">Da wir verschiedene Rebsorten anbauen, k\u00f6nnen wir Ihnen ein ausgewogenes Sortiment anbieten. Das Angebot reicht von trockenen, eleganten \u00fcber halbtrockenen und lieblichen, s\u00fcffigen bis hin zu edels\u00fc\u00dfen Tropfen (Auslese, Beerenauslese, Eiswein) f\u00fcr den besonderen Anlass.<\/p>\n<p style=\"text-align: justify;\">Sie suchen Pr\u00e4sente f\u00fcr Ihre Freunde und Gesch\u00e4ftspartner? Wir bieten Ihnen\u00a0einen besonderen Service an. Sie sagen uns welche Produkte aus unserer Weinkarte wir f\u00fcr Sie\u00a0zu einem Geschenkpaket zusammenstellen sollen und wir k\u00fcmmern uns um das Verpacken und Versenden des Pr\u00e4sents.<\/p>\n<p>[\/vc_column_text][\/vc_column][\/vc_row]<\/p>\n","protected":false},"excerpt":{"rendered":"<p>[vc_row][vc_column][vc_empty_space][\/vc_column][\/vc_row][vc_row][vc_column width=&ldquo;1\/3&Prime;][vc_column_text] Unsere Weine In unserer Vinothek lernen Sie Weine besonderer Art kennen. Unser Bestreben ist es m&ouml;glichst vollreife Trauben zu ernten. Durch l&auml;ngeres H&auml;ngenlassen am Rebstock nehmen wir gerne einen Mengenverlust in Kauf. So erreichen wir ein h&ouml;heres Mostgewicht. Dies macht sich deutlich in der Qualit&auml;t unserer Weine bemerkbar. Dadurch erreicht man sanfte und [&hellip;]<\/p>\n","protected":false},"author":1,"featured_media":2161,"parent":0,"menu_order":0,"comment_status":"closed","ping_status":"closed","template":"page-full-width.php","meta":{"footnotes":""},"class_list":["post-593","page","type-page","status-publish","has-post-thumbnail","hentry"],"jetpack_sharing_enabled":true,"_links":{"self":[{"href":"https:\/\/weinbau-weingaertner.de\/start\/wp-json\/wp\/v2\/pages\/593","targetHints":{"allow":["GET"]}}],"collection":[{"href":"https:\/\/weinbau-weingaertner.de\/start\/wp-json\/wp\/v2\/pages"}],"about":[{"href":"https:\/\/weinbau-weingaertner.de\/start\/wp-json\/wp\/v2\/types\/page"}],"author":[{"embeddable":true,"href":"https:\/\/weinbau-weingaertner.de\/start\/wp-json\/wp\/v2\/users\/1"}],"replies":[{"embeddable":true,"href":"https:\/\/weinbau-weingaertner.de\/start\/wp-json\/wp\/v2\/comments?post=593"}],"version-history":[{"count":18,"href":"https:\/\/weinbau-weingaertner.de\/start\/wp-json\/wp\/v2\/pages\/593\/revisions"}],"predecessor-version":[{"id":3304,"href":"https:\/\/weinbau-weingaertner.de\/start\/wp-json\/wp\/v2\/pages\/593\/revisions\/3304"}],"wp:featuredmedia":[{"embeddable":true,"href":"https:\/\/weinbau-weingaertner.de\/start\/wp-json\/wp\/v2\/media\/2161"}],"wp:attachment":[{"href":"https:\/\/weinbau-weingaertner.de\/start\/wp-json\/wp\/v2\/media?parent=593"}],"curies":[{"name":"wp","href":"https:\/\/api.w.org\/{rel}","templated":true}]}}