{"id":3443,"date":"2025-05-03T11:39:10","date_gmt":"2025-05-03T09:39:10","guid":{"rendered":"https:\/\/weinbau-weingaertner.de\/start\/?page_id=3443"},"modified":"2025-09-09T18:45:43","modified_gmt":"2025-09-09T16:45:43","slug":"versandkosten","status":"publish","type":"page","link":"https:\/\/weinbau-weingaertner.de\/start\/versandkosten\/","title":{"rendered":"Versandkosten"},"content":{"rendered":"<p>[vc_row][vc_column][vc_column_text]<\/p>\n<h3 class=\"\" data-start=\"0\" data-end=\"51\"><strong data-start=\"4\" data-end=\"51\">Versandkosten\u00fcbersicht f\u00fcr Weinbestellungen<\/strong><\/h3>\n<ul data-start=\"53\" data-end=\"220\">\n<li class=\"\" data-start=\"53\" data-end=\"82\">\n<p class=\"\" data-start=\"55\" data-end=\"82\"><strong data-start=\"55\" data-end=\"74\">\u00a0 6 Flaschen Wein<\/strong>:\u00a0 9,50 \u20ac<\/p>\n<\/li>\n<li class=\"\" data-start=\"83\" data-end=\"114\">\n<p class=\"\" data-start=\"85\" data-end=\"114\"><strong data-start=\"85\" data-end=\"105\">12 Flaschen Wein<\/strong>: 14,40 \u20ac<\/p>\n<\/li>\n<li class=\"\" data-start=\"115\" data-end=\"146\">\n<p class=\"\" data-start=\"117\" data-end=\"146\"><strong data-start=\"117\" data-end=\"137\">18 Flaschen Wein<\/strong>: 21,70 \u20ac<\/p>\n<\/li>\n<li class=\"\" data-start=\"147\" data-end=\"220\">\n<p class=\"\" data-start=\"149\" data-end=\"220\"><strong data-start=\"149\" data-end=\"169\">Abholung vor Ort<\/strong>: Ab 24 Flaschen nur noch Abholung vor Ort m\u00f6glich.<\/p>\n<\/li>\n<\/ul>\n<hr class=\"\" data-start=\"222\" data-end=\"225\" \/>\n<h3 class=\"\" data-start=\"227\" data-end=\"286\"><strong data-start=\"231\" data-end=\"286\">Verantwortung f\u00fcr verlorene oder besch\u00e4digte Pakete<\/strong><\/h3>\n<ul data-start=\"288\" data-end=\"866\">\n<li class=\"\" data-start=\"288\" data-end=\"554\">\n<p class=\"\" data-start=\"290\" data-end=\"554\"><strong data-start=\"290\" data-end=\"307\">Verantwortung<\/strong>: Der Versanddienstleister \u00fcbernimmt die Verantwortung f\u00fcr die sichere Lieferung. Sollte ein Paket verloren gehen oder besch\u00e4digt werden, bitten wir Sie, sich mit uns oder dem Versanddienstleister in Verbindung zu setzen, um den Vorfall zu kl\u00e4ren.<\/p>\n<\/li>\n<li class=\"\" data-start=\"558\" data-end=\"866\">\n<p class=\"\" data-start=\"560\" data-end=\"866\"><strong data-start=\"560\" data-end=\"585\">Versicherte Sendungen<\/strong>: In der Regel sind die Pakete versichert, aber die Haftung h\u00e4ngt vom jeweiligen Versanddienstleister und dessen Bedingungen ab. Wir empfehlen, bei gr\u00f6\u00dferen Bestellungen ggf. eine zus\u00e4tzliche Versicherung f\u00fcr den Versand abzuschlie\u00dfen, um m\u00f6gliche Sch\u00e4den oder Verluste abzudecken.<\/p>\n<\/li>\n<\/ul>\n<p>Falls Sie Hilfe ben\u00f6tigen, wenden Sie sich gerne an: info@weinbau-weingaertner.de[\/vc_column_text][\/vc_column][\/vc_row]<\/p>\n","protected":false},"excerpt":{"rendered":"<p>[vc_row][vc_column][vc_column_text] Versandkosten&uuml;bersicht f&uuml;r Weinbestellungen &nbsp; 6 Flaschen Wein:&nbsp; 9,50 &euro; 12 Flaschen Wein: 14,40 &euro; 18 Flaschen Wein: 21,70 &euro; Abholung vor Ort: Ab 24 Flaschen nur noch Abholung vor Ort m&ouml;glich. Verantwortung f&uuml;r verlorene oder besch&auml;digte Pakete Verantwortung: Der Versanddienstleister &uuml;bernimmt die Verantwortung f&uuml;r die sichere Lieferung. Sollte ein Paket verloren gehen oder besch&auml;digt [&hellip;]<\/p>\n","protected":false},"author":1,"featured_media":0,"parent":0,"menu_order":0,"comment_status":"closed","ping_status":"closed","template":"","meta":{"footnotes":""},"class_list":["post-3443","page","type-page","status-publish","hentry"],"jetpack_sharing_enabled":true,"_links":{"self":[{"href":"https:\/\/weinbau-weingaertner.de\/start\/wp-json\/wp\/v2\/pages\/3443","targetHints":{"allow":["GET"]}}],"collection":[{"href":"https:\/\/weinbau-weingaertner.de\/start\/wp-json\/wp\/v2\/pages"}],"about":[{"href":"https:\/\/weinbau-weingaertner.de\/start\/wp-json\/wp\/v2\/types\/page"}],"author":[{"embeddable":true,"href":"https:\/\/weinbau-weingaertner.de\/start\/wp-json\/wp\/v2\/users\/1"}],"replies":[{"embeddable":true,"href":"https:\/\/weinbau-weingaertner.de\/start\/wp-json\/wp\/v2\/comments?post=3443"}],"version-history":[{"count":5,"href":"https:\/\/weinbau-weingaertner.de\/start\/wp-json\/wp\/v2\/pages\/3443\/revisions"}],"predecessor-version":[{"id":3501,"href":"https:\/\/weinbau-weingaertner.de\/start\/wp-json\/wp\/v2\/pages\/3443\/revisions\/3501"}],"wp:attachment":[{"href":"https:\/\/weinbau-weingaertner.de\/start\/wp-json\/wp\/v2\/media?parent=3443"}],"curies":[{"name":"wp","href":"https:\/\/api.w.org\/{rel}","templated":true}]}}