{"id":2938,"date":"2019-02-20T11:42:34","date_gmt":"2019-02-20T10:42:34","guid":{"rendered":"https:\/\/weinbau-weingaertner.de\/start\/onlineshop_firstsite-2\/"},"modified":"2025-05-04T14:13:41","modified_gmt":"2025-05-04T12:13:41","slug":"unseronlineshop","status":"publish","type":"page","link":"https:\/\/weinbau-weingaertner.de\/start\/unseronlineshop\/","title":{"rendered":"Unser Onlineshop"},"content":{"rendered":"<p>[vc_row][vc_column][vc_empty_space][\/vc_column][vc_column][vc_column_text]<\/p>\n<h2 style=\"padding-top: 20px; font-family: 'Satisfy', cursive; color: #988251 !important;\">Willkommen im Onlineshop des Weinguts Weing\u00e4rtner<\/h2>\n<p align=\"justify\">Sch\u00f6n, dass Sie den Weg zu unserem Onlineshop gefunden haben. Hier haben Sie die M\u00f6glichkeit, die Vielfalt und Qualit\u00e4t unserer Weine ganz bequem von zuhause aus zu entdecken und zu bestellen. Ob f\u00fcr den eigenen Genuss, als Geschenk oder f\u00fcr einen besonderen Anlass \u2013 bei uns finden Sie garantiert den passenden Wein.<\/p>\n<p>In unserem Shop bieten wir Ihnen drei komfortable Bestelloptionen:<\/p>\n<ol>\n<li><strong>\u00a0Individuelle Wein-Auswahl:<\/strong> Stellen Sie sich Ihre pers\u00f6nliche Weinmischung aus 6 oder 12 Flaschen zusammen \u2013 ganz nach Ihrem Geschmack.<\/li>\n<li><strong>\u00a0Reinsortige Weinkisten:<\/strong> W\u00e4hlen Sie Ihre Lieblingssorte und erhalten Sie 6 oder 12 Flaschen derselben Weinsorte in einer Kiste.<\/li>\n<li><strong>\u00a0Empfehlungen f\u00fcr besondere Anl\u00e4sse:<\/strong> Lassen Sie sich von unseren liebevoll zusammengestellten Weinpaketen f\u00fcr Feiern, Geschenke oder genussvolle Momente inspirieren.<\/li>\n<\/ol>\n<p>Entdecken Sie unsere Auswahl und holen Sie sich ein St\u00fcck Weingut Weing\u00e4rtner direkt nach Hause![\/vc_column_text][\/vc_column][\/vc_row][vc_row][vc_column width=&#8220;1\/3&#8243;][vc_column_text]<\/p>\n<h3 style=\"padding-top: 20px; font-family: 'Satisfy', cursive; text-align: center;\"><a style=\"color: #988251 !important;\" href=\"https:\/\/weinbau-weingaertner.de\/start\/einheitlichepakete\/\"><br \/>\nEinheitliche Pakete<br \/>\n<\/a><\/h3>\n<p>[\/vc_column_text][vc_single_image image=&#8220;3458&#8243; img_size=&#8220;210&#215;300&#8243; alignment=&#8220;center&#8220; onclick=&#8220;custom_link&#8220; img_link_target=&#8220;_blank&#8220; link=&#8220;https:\/\/weinbau-weingaertner.de\/start\/einheitlichepakete\/&#8220;][\/vc_column][vc_column width=&#8220;1\/3&#8243;][vc_column_text]<\/p>\n<h3 style=\"padding-top: 20px; font-family: 'Satisfy', cursive; text-align: center;\"><a style=\"color: #988251 !important;\" href=\"https:\/\/weinbau-weingaertner.de\/start\/produkt-kategorie\/individuellekisten\"><br \/>\nIndividuelle Pakete<br \/>\n<\/a><\/h3>\n<p>[\/vc_column_text][vc_single_image image=&#8220;3459&#8243; img_size=&#8220;210&#215;300&#8243; alignment=&#8220;center&#8220; onclick=&#8220;custom_link&#8220; img_link_target=&#8220;_blank&#8220; link=&#8220;https:\/\/weinbau-weingaertner.de\/start\/produkt-kategorie\/individuellekisten\/&#8220;][\/vc_column][vc_column width=&#8220;1\/3&#8243;][vc_column_text]<\/p>\n<h3 style=\"padding-top: 20px; font-family: 'Satisfy', cursive; text-align: center;\"><a style=\"color: #988251 !important;\" href=\"https:\/\/weinbau-weingaertner.de\/start\/produkt-kategorie\/unsere-empfehlungen\"><br \/>\nUnsere Empfehlung<br \/>\n<\/a><\/h3>\n<p>[\/vc_column_text][vc_single_image image=&#8220;3460&#8243; img_size=&#8220;210&#215;300&#8243; alignment=&#8220;center&#8220; onclick=&#8220;custom_link&#8220; img_link_target=&#8220;_blank&#8220; link=&#8220;https:\/\/weinbau-weingaertner.de\/start\/produkt-kategorie\/unsere-empfehlungen&#8220;][\/vc_column][\/vc_row]<\/p>\n","protected":false},"excerpt":{"rendered":"<p>[vc_row][vc_column][vc_empty_space][\/vc_column][vc_column][vc_column_text] Willkommen im Onlineshop des Weinguts Weing&auml;rtner Sch&ouml;n, dass Sie den Weg zu unserem Onlineshop gefunden haben. Hier haben Sie die M&ouml;glichkeit, die Vielfalt und Qualit&auml;t unserer Weine ganz bequem von zuhause aus zu entdecken und zu bestellen. Ob f&uuml;r den eigenen Genuss, als Geschenk oder f&uuml;r einen besonderen Anlass &ndash; bei uns finden Sie [&hellip;]<\/p>\n","protected":false},"author":1,"featured_media":2161,"parent":0,"menu_order":0,"comment_status":"closed","ping_status":"closed","template":"page-full-width.php","meta":{"footnotes":""},"class_list":["post-2938","page","type-page","status-publish","has-post-thumbnail","hentry"],"jetpack_sharing_enabled":true,"_links":{"self":[{"href":"https:\/\/weinbau-weingaertner.de\/start\/wp-json\/wp\/v2\/pages\/2938","targetHints":{"allow":["GET"]}}],"collection":[{"href":"https:\/\/weinbau-weingaertner.de\/start\/wp-json\/wp\/v2\/pages"}],"about":[{"href":"https:\/\/weinbau-weingaertner.de\/start\/wp-json\/wp\/v2\/types\/page"}],"author":[{"embeddable":true,"href":"https:\/\/weinbau-weingaertner.de\/start\/wp-json\/wp\/v2\/users\/1"}],"replies":[{"embeddable":true,"href":"https:\/\/weinbau-weingaertner.de\/start\/wp-json\/wp\/v2\/comments?post=2938"}],"version-history":[{"count":35,"href":"https:\/\/weinbau-weingaertner.de\/start\/wp-json\/wp\/v2\/pages\/2938\/revisions"}],"predecessor-version":[{"id":3469,"href":"https:\/\/weinbau-weingaertner.de\/start\/wp-json\/wp\/v2\/pages\/2938\/revisions\/3469"}],"wp:featuredmedia":[{"embeddable":true,"href":"https:\/\/weinbau-weingaertner.de\/start\/wp-json\/wp\/v2\/media\/2161"}],"wp:attachment":[{"href":"https:\/\/weinbau-weingaertner.de\/start\/wp-json\/wp\/v2\/media?parent=2938"}],"curies":[{"name":"wp","href":"https:\/\/api.w.org\/{rel}","templated":true}]}}