{"id":2907,"date":"2019-02-20T11:42:34","date_gmt":"2019-02-20T10:42:34","guid":{"rendered":"https:\/\/weinbau-weingaertner.de\/start\/ferien-2\/"},"modified":"2019-02-20T11:42:34","modified_gmt":"2019-02-20T10:42:34","slug":"ferien-2","status":"publish","type":"page","link":"https:\/\/weinbau-weingaertner.de\/start\/ferien-2\/","title":{"rendered":"Ferien"},"content":{"rendered":"<p>[vc_row][vc_column][vc_empty_space][\/vc_column][\/vc_row][vc_row][vc_column width=&#8220;1\/3&#8243;][vc_column_text]<\/p>\n<h3 style=\"padding-top: 20px; font-family: 'Satisfy', cursive; color: #988251 !important;\">Erholung pur<\/h3>\n<p style=\"text-align: justify;\">Die ideale Art, Erholung und Weingenuss zu kombinieren, k\u00f6nnen Sie als Urlaubsgast in unserer Ferienwohnung erleben. Seien Sie unser Gast! Es erwartet Sie eine 45 qm gro\u00dfe, freundliche und hell eingerichtete Wohnung, ausgestattet mit Dusche und WC, in der Sie Platz f\u00fcr 2-4 Erwachsene finden. Sie sind uns das ganze Jahr \u00fcber Willkommen.<\/p>\n<p style=\"text-align: justify;\">Unser Haus befindet sich in einer reinen Wohnsiedlung direkt an den Weinbergen. Neben einer sch\u00f6nen ruhigen Lage und der M\u00f6glichkeit zur Erholung, haben Sie einen zentralen Ausgangspunkt f\u00fcr Ausfl\u00fcge in das Rheinhessissche H\u00fcgelland, den ganzen Rheingau oder die nahe gelegenen Strau\u00dfwirtschaften. Unser Ort ist zentral gelegen und bietet viele Ausflugsm\u00f6glichkeiten, ob auf &#8222;Schusters Rappen&#8220;, mit dem Fahrrad oder dem Auto. Es gibt eine Menge Ziele, die es lohnt aufzusuchen, so u.a. die Kulturlandschaft Oberes Mittelrheintal. Der Rhein von Bingen bis Koblenz, zwischen M\u00e4useturm und Deutschem Eck, ist sicherlich eine der sch\u00f6nsten Landschaften Europas und zwischenzeitlich Weltkulturerbe der UNESCO. Diese besonders enge Rheinstrecke wird allein von mehr als 20 H\u00f6henburgen und Burgruinen flankiert. Dies kann man sehr gut auf einer Schifffahrt mit dem Schaufelraddampfer &#8218;Goethe&#8216; entdecken.<\/p>\n<p>[\/vc_column_text][\/vc_column][vc_column width=&#8220;1\/3&#8243;][vc_single_image image=&#8220;2357&#8243; img_size=&#8220;full&#8220; style=&#8220;vc_box_border&#8220;][vc_single_image image=&#8220;2186&#8243; img_size=&#8220;full&#8220; style=&#8220;vc_box_border&#8220;][vc_single_image image=&#8220;2365&#8243; img_size=&#8220;full&#8220; style=&#8220;vc_box_border&#8220; css=&#8220;.vc_custom_1556901573585{padding-top: 10px !important;}&#8220;][vc_single_image image=&#8220;2579&#8243; img_size=&#8220;full&#8220; style=&#8220;vc_box_border&#8220;][vc_single_image image=&#8220;2349&#8243; img_size=&#8220;thumnail&#8220; style=&#8220;vc_box_border&#8220;][\/vc_column][vc_column width=&#8220;1\/3&#8243;][vc_column_text]<\/p>\n<h3 style=\"padding-top: 20px; font-family: 'Satisfy', cursive; color: #988251 !important;\">Unsere Ferienwohnung<\/h3>\n<p style=\"text-align: justify;\">Aus R\u00fccksichtnahme gegen\u00fcber unseren anderen G\u00e4sten (insbesondere der Kinder), bitten wir um Verst\u00e4ndnis, dass in unserer Ferienwohnung das Rauchen nicht erlaubt ist. Ebenso bitten wir um Verst\u00e4ndnis, dass wir keine Haustiere aufnehmen, um auch Allergikern einen angenehmen Aufenthalt zu gew\u00e4hrleisten. Vielen Dank.<\/p>\n<p style=\"text-align: justify;\">Die Ferienwohnung besteht aus insgesamt 2 Zimmern, einem Bad und einem Flur. Die Zimmer gliedern sich in einen gem\u00fctlichen Wohnbereich mit Fernseher (Kabel) und Schlafcouch und einer komplett ausgestatteten K\u00fcchenzeile mit Mikrowelle. Die Schlafcouch l\u00e4sst sich mit wenigen Handgriffen zu einem Bett umbauen, so dass die Wohnung f\u00fcr bis zu 4 Personen ausreichend Platz zum Wohnen und Schlafen bietet. Das ger\u00e4umige Schlafzimmer hat ein Doppelbett und einen gro\u00dfen Spiegelt\u00fcrenschrank. Im Tageslichtbadezimmer befinden sich ein Handwaschbecken, WC und Dusche. Eine Sitzm\u00f6glichkeit im Garten steht Ihnen zur Verf\u00fcgung<\/p>\n<p style=\"text-align: justify;\">Der Preis betr\u00e4gt pro Tag 63 Euro f\u00fcr 2 Personen und f\u00fcr jede weitere Person nach Absprache, incl. Bettw\u00e4sche und Handt\u00fccher, zuz\u00e4tzlich einer Endreinigungspauschale.<\/p>\n<p>[\/vc_column_text][\/vc_column][\/vc_row]<\/p>\n","protected":false},"excerpt":{"rendered":"<p>[vc_row][vc_column][vc_empty_space][\/vc_column][\/vc_row][vc_row][vc_column width=&ldquo;1\/3&Prime;][vc_column_text] Erholung pur Die ideale Art, Erholung und Weingenuss zu kombinieren, k&ouml;nnen Sie als Urlaubsgast in unserer Ferienwohnung erleben. Seien Sie unser Gast! Es erwartet Sie eine 45 qm gro&szlig;e, freundliche und hell eingerichtete Wohnung, ausgestattet mit Dusche und WC, in der Sie Platz f&uuml;r 2-4 Erwachsene finden. Sie sind uns das ganze Jahr [&hellip;]<\/p>\n","protected":false},"author":1,"featured_media":2161,"parent":0,"menu_order":0,"comment_status":"closed","ping_status":"closed","template":"page-full-width.php","meta":{"footnotes":""},"class_list":["post-2907","page","type-page","status-publish","has-post-thumbnail","hentry"],"jetpack_sharing_enabled":true,"_links":{"self":[{"href":"https:\/\/weinbau-weingaertner.de\/start\/wp-json\/wp\/v2\/pages\/2907","targetHints":{"allow":["GET"]}}],"collection":[{"href":"https:\/\/weinbau-weingaertner.de\/start\/wp-json\/wp\/v2\/pages"}],"about":[{"href":"https:\/\/weinbau-weingaertner.de\/start\/wp-json\/wp\/v2\/types\/page"}],"author":[{"embeddable":true,"href":"https:\/\/weinbau-weingaertner.de\/start\/wp-json\/wp\/v2\/users\/1"}],"replies":[{"embeddable":true,"href":"https:\/\/weinbau-weingaertner.de\/start\/wp-json\/wp\/v2\/comments?post=2907"}],"version-history":[{"count":0,"href":"https:\/\/weinbau-weingaertner.de\/start\/wp-json\/wp\/v2\/pages\/2907\/revisions"}],"wp:featuredmedia":[{"embeddable":true,"href":"https:\/\/weinbau-weingaertner.de\/start\/wp-json\/wp\/v2\/media\/2161"}],"wp:attachment":[{"href":"https:\/\/weinbau-weingaertner.de\/start\/wp-json\/wp\/v2\/media?parent=2907"}],"curies":[{"name":"wp","href":"https:\/\/api.w.org\/{rel}","templated":true}]}}