{"id":2411,"date":"2019-12-16T13:58:15","date_gmt":"2019-12-16T12:58:15","guid":{"rendered":"https:\/\/weinbau-weingaertner.de\/start\/?page_id=2411"},"modified":"2020-03-06T16:37:03","modified_gmt":"2020-03-06T15:37:03","slug":"widerruf","status":"publish","type":"page","link":"https:\/\/weinbau-weingaertner.de\/start\/widerruf\/","title":{"rendered":"Widerruf"},"content":{"rendered":"<p><strong>Widerrufsbelehrung<\/strong><\/p>\n<p>Verbraucher haben ein vierzehnt\u00e4giges Widerrufsrecht.<\/p>\n<p>\u00a0<\/p>\n<p><strong>Widerrufsrecht<\/strong><\/p>\n<p>Sie haben das Recht, binnen vierzehn Tagen ohne Angabe von Gr\u00fcnden diesen Vertrag zu widerrufen. Die Widerrufsfrist betr\u00e4gt vierzehn Tage ab dem Tag, an dem Sie oder ein von Ihnen bennanter Dritter, der nicht Bef\u00f6rderer ist, die letzte Ware in Besitz genommen hat. Um Ihr Widerrufsrecht auszu\u00fcben, m\u00fcssen Sie uns<\/p>\n<p>Weinbau Weing\u00e4rtner<br \/>Bergstr. 48a<br \/>55437 Ockenheim, Deutschland<\/p>\n<p>info@weinbau-weingaertner.de<br \/>06725 4168<\/p>\n<p>\u00a0<\/p>\n<p>mittels einer eindeutigen Erkl\u00e4rung (z.B. ein mit der Post versandter Brief, Telefax oder E-Mail &#8211; <span style=\"color: #000000;\"><strong><a style=\"color: #000000;\" href=\"https:\/\/weinbau-weingaertner.de\/start\/wp-content\/uploads\/2019\/12\/Muster-Widerrufsformular-2.pdf\">Widerrufsformular<\/a><\/strong><\/span>) \u00fcber Ihren Entschluss, diesen Vertrag zu widerrufen, informieren. Sie k\u00f6nnen das beigef\u00fcgte Muster-Widerrufsformular verwenden, das jedoch nicht vorgeschriben ist.<\/p>\n<p>Zur Wahrung der Widerrufsfrist reicht es aus, dass die Mitteilung \u00fcber die Aus\u00fcbung des Widerrufsrechts vor Ablauf der Widerruffrist absenden.<\/p>\n<p><strong>Folgen des Widerrufs:<\/strong><\/p>\n<p style=\"text-align: justify;\">Wenn Sie diesen Vertrag widerrufen, haben wir Ihnen alle Zahlungen, die wir von Ihnen erhalten haben, einschlie\u00dflich der Lieferkosten (mit Ausnahme der zus\u00e4tzlichen Kosten, die sich daraus ergeben, dass Sie eine andere Art der Lieferung als die von uns angebotene, g\u00fcnstige Standartlieferung gew\u00e4hlt haben) unverz\u00fcglich und sp\u00e4testens vierzehn Tagen ab dem Tag zur\u00fcckzahlen, an dem die Mitteilung \u00fcber Ihren Widerruf dieses Vertrages bei uns eingegangen ist. F\u00fcr die R\u00fcckzahlung verwenden wir dasselbe Zahlungsmittel, das Sie bei der urspr\u00fcnglichen Transaktion eingesetzt haben, es sei denn, mit Ihnen wurde ausdr\u00fccklich etwas anderes vereinbart; in keinem Fall werden Ihnen wegen dieser R\u00fcckzahlung Entgelte berechnet. Wir k\u00f6nnen die R\u00fcckzahlung verweigern, bis wir die Waren wieder zur\u00fcckerhalten haben oder bis Sie den Nachweis erbracht haben, dass Sie die Waren zur\u00fcckgesandt haben, je nachdem, welches der fr\u00fchere Zeitpunkt ist.<\/p>\n<p style=\"text-align: justify;\">Sie haben die Waren unverz\u00fcglich und in jedem Fall sp\u00e4testens binnen vierzehn Tagen ab dem Tag, an dem Sie uns \u00fcber den Widerruf dieses Vertrages unterrichten, an uns zur\u00fcckzusenden oder zu \u00fcbergeben. Die Frist ist gewahrt, wenn Sie die Waren vor Abluaf der Frist von vierzehn Tagen absenden. Sie tragen die unmittelbaren Kosten der R\u00fccksendung der Waren. Bei Waren, die aufgrund ihrer Beschaffenheit nicht normal mit der Post zur\u00fcckgesandt werden k\u00f6nnen, betragen diese bis 500 EUR. Sie m\u00fcssen f\u00fcr einen etwaigen Wertverlust der Waren nur aufkommen, wenn dieser Wertverlust auf einen zur Pr\u00fcfung der Beschaffenheit, Eigenschaften und Funktionsweise der Waren nicht notwendigen Umgang mit Ihnen zur\u00fcckzuf\u00fchren ist.<\/p>\n<p>\u00a0<\/p><p><\/p><p><\/p>","protected":false},"excerpt":{"rendered":"<p>Widerrufsbelehrung Verbraucher haben ein vierzehnt&auml;giges Widerrufsrecht. &nbsp; Widerrufsrecht Sie haben das Recht, binnen vierzehn Tagen ohne Angabe von Gr&uuml;nden diesen Vertrag zu widerrufen. Die Widerrufsfrist betr&auml;gt vierzehn Tage ab dem Tag, an dem Sie oder ein von Ihnen bennanter Dritter, der nicht Bef&ouml;rderer ist, die letzte Ware in Besitz genommen hat. Um Ihr Widerrufsrecht auszu&uuml;ben, [&hellip;]<\/p>\n","protected":false},"author":1,"featured_media":0,"parent":0,"menu_order":0,"comment_status":"closed","ping_status":"closed","template":"","meta":{"footnotes":""},"class_list":["post-2411","page","type-page","status-publish","hentry"],"jetpack_sharing_enabled":true,"_links":{"self":[{"href":"https:\/\/weinbau-weingaertner.de\/start\/wp-json\/wp\/v2\/pages\/2411","targetHints":{"allow":["GET"]}}],"collection":[{"href":"https:\/\/weinbau-weingaertner.de\/start\/wp-json\/wp\/v2\/pages"}],"about":[{"href":"https:\/\/weinbau-weingaertner.de\/start\/wp-json\/wp\/v2\/types\/page"}],"author":[{"embeddable":true,"href":"https:\/\/weinbau-weingaertner.de\/start\/wp-json\/wp\/v2\/users\/1"}],"replies":[{"embeddable":true,"href":"https:\/\/weinbau-weingaertner.de\/start\/wp-json\/wp\/v2\/comments?post=2411"}],"version-history":[{"count":7,"href":"https:\/\/weinbau-weingaertner.de\/start\/wp-json\/wp\/v2\/pages\/2411\/revisions"}],"predecessor-version":[{"id":2452,"href":"https:\/\/weinbau-weingaertner.de\/start\/wp-json\/wp\/v2\/pages\/2411\/revisions\/2452"}],"wp:attachment":[{"href":"https:\/\/weinbau-weingaertner.de\/start\/wp-json\/wp\/v2\/media?parent=2411"}],"curies":[{"name":"wp","href":"https:\/\/api.w.org\/{rel}","templated":true}]}}